{"id":142,"date":"2020-02-24T14:01:31","date_gmt":"2020-02-24T14:01:31","guid":{"rendered":"https:\/\/demosites.io\/lawyers-gb\/?page_id=142"},"modified":"2024-02-18T15:55:49","modified_gmt":"2024-02-18T14:55:49","slug":"abogada-laboralista","status":"publish","type":"page","link":"https:\/\/rociovazquezadvocats.com\/","title":{"rendered":"R.V.A."},"content":{"rendered":"\n<div id=\"wp-block-themeisle-blocks-advanced-columns-b4c18e12\" class=\"wp-block-themeisle-blocks-advanced-columns alignfull has-2-columns has-desktop-equal-layout has-tablet-equal-layout has-mobile-collapsedRows-layout has-vertical-unset\"><div class=\"wp-block-themeisle-blocks-advanced-columns-overlay\"><\/div><div class=\"innerblocks-wrap\">\n<div id=\"wp-block-themeisle-blocks-advanced-column-cef12066\" class=\"wp-block-themeisle-blocks-advanced-column has-dark-bg\">\n<p id=\"wp-block-themeisle-blocks-advanced-heading-6b0e9002\" class=\"wp-block-themeisle-blocks-advanced-heading wp-block-themeisle-blocks-advanced-heading-6b0e9002\"><strong>Abogada laboralista<\/strong><\/p>\n\n\n\n<h1 class=\"wp-block-heading has-text-align-center has-nv-text-dark-bg-color has-text-color\"> Soluciones laborales adaptadas a ti <\/h1>\n<\/div>\n\n\n\n<div id=\"wp-block-themeisle-blocks-advanced-column-c6be1d25\" class=\"wp-block-themeisle-blocks-advanced-column\"><\/div>\n<\/div><\/div>\n\n\n\n<div id=\"wp-block-themeisle-blocks-advanced-columns-23f2e920\" class=\"wp-block-themeisle-blocks-advanced-columns alignfull has-1-columns has-desktop-equal-layout has-tablet-equal-layout has-mobile-equal-layout has-vertical-unset has-light-bg\"><div class=\"wp-block-themeisle-blocks-advanced-columns-overlay\"><\/div><div class=\"innerblocks-wrap\">\n<div id=\"wp-block-themeisle-blocks-advanced-column-bf72eac5\" class=\"wp-block-themeisle-blocks-advanced-column\">\n<p id=\"wp-block-themeisle-blocks-advanced-heading-5ec1df56\" class=\"wp-block-themeisle-blocks-advanced-heading wp-block-themeisle-blocks-advanced-heading-5ec1df56\"> TU SEGURIDAD LABORAL ES NUESTRA PRIORIDAD<\/p>\n\n\n\n<h2 class=\"wp-block-heading has-text-align-center\"> Expertos en&#8230; <\/h2>\n<\/div>\n<\/div><\/div>\n\n\n\n<div id=\"wp-block-themeisle-blocks-advanced-columns-90845b53\" class=\"wp-block-themeisle-blocks-advanced-columns alignfull has-3-columns has-desktop-equal-layout has-tablet-equal-layout has-mobile-collapsedRows-layout has-vertical-unset has-light-bg\"><div class=\"wp-block-themeisle-blocks-advanced-columns-overlay\"><\/div><div class=\"innerblocks-wrap\">\n<div id=\"wp-block-themeisle-blocks-advanced-column-f4d0871c\" class=\"wp-block-themeisle-blocks-advanced-column has-light-bg\">\n<div class=\"wp-block-themeisle-blocks-service\">\n<div id=\"wp-block-themeisle-blocks-font-awesome-icons-6c3ffa57\" class=\"wp-block-themeisle-blocks-font-awesome-icons\"><span class=\"wp-block-themeisle-blocks-font-awesome-icons-container\"><i class=\"fas fa-car\"><\/i><\/span><\/div>\n\n\n\n<h3 id=\"wp-block-themeisle-blocks-advanced-heading-0581cdc3\" class=\"wp-block-themeisle-blocks-advanced-heading wp-block-themeisle-blocks-advanced-heading-0581cdc3\">Estudios de jubilaci\u00f3n<\/h3>\n\n\n\n<p id=\"wp-block-themeisle-blocks-advanced-heading-6965a25d\" class=\"wp-block-themeisle-blocks-advanced-heading wp-block-themeisle-blocks-advanced-heading-6965a25d\">  Nuestros expertos en derecho laboral te guiar\u00e1n en el an\u00e1lisis de opciones de pensiones, c\u00e1lculo de cuant\u00edas y tr\u00e1mites administrativos.<\/p>\n<\/div>\n<\/div>\n\n\n\n<div id=\"wp-block-themeisle-blocks-advanced-column-78524861\" class=\"wp-block-themeisle-blocks-advanced-column has-light-bg\">\n<div class=\"wp-block-themeisle-blocks-service\">\n<div id=\"wp-block-themeisle-blocks-font-awesome-icons-fcd21217\" class=\"wp-block-themeisle-blocks-font-awesome-icons\"><span class=\"wp-block-themeisle-blocks-font-awesome-icons-container\"><i class=\"fas fa-archive\"><\/i><\/span><\/div>\n\n\n\n<h3 id=\"wp-block-themeisle-blocks-advanced-heading-92773087\" class=\"wp-block-themeisle-blocks-advanced-heading wp-block-themeisle-blocks-advanced-heading-92773087\"> Contratos de alta direcci\u00f3n <\/h3>\n\n\n\n<p id=\"wp-block-themeisle-blocks-advanced-heading-3c1720c1\" class=\"wp-block-themeisle-blocks-advanced-heading wp-block-themeisle-blocks-advanced-heading-3c1720c1\"> Negociamos t\u00e9rminos que protejan tus intereses y garanticen una relaci\u00f3n laboral s\u00f3lida.<\/p>\n<\/div>\n<\/div>\n\n\n\n<div id=\"wp-block-themeisle-blocks-advanced-column-bf96f229\" class=\"wp-block-themeisle-blocks-advanced-column has-light-bg\">\n<div class=\"wp-block-themeisle-blocks-service\">\n<div id=\"wp-block-themeisle-blocks-font-awesome-icons-49d8a89c\" class=\"wp-block-themeisle-blocks-font-awesome-icons\"><span class=\"wp-block-themeisle-blocks-font-awesome-icons-container\"><i class=\"fab fa-pagelines\"><\/i><\/span><\/div>\n\n\n\n<h3 id=\"wp-block-themeisle-blocks-advanced-heading-0ce47501\" class=\"wp-block-themeisle-blocks-advanced-heading wp-block-themeisle-blocks-advanced-heading-0ce47501\"> Conciliaciones<\/h3>\n\n\n\n<p id=\"wp-block-themeisle-blocks-advanced-heading-2f996a58\" class=\"wp-block-themeisle-blocks-advanced-heading wp-block-themeisle-blocks-advanced-heading-2f996a58\"> Expertos en negociaci\u00f3n entre empresa y empleados para alcanzar acuerdos justos.<\/p>\n<\/div>\n<\/div>\n<\/div><\/div>\n\n\n\n<div id=\"wp-block-themeisle-blocks-advanced-columns-770d07d8\" class=\"wp-block-themeisle-blocks-advanced-columns alignfull has-3-columns has-desktop-equal-layout has-tablet-equal-layout has-mobile-collapsedRows-layout has-vertical-unset has-light-bg\"><div class=\"wp-block-themeisle-blocks-advanced-columns-overlay\"><\/div><div class=\"innerblocks-wrap\">\n<div id=\"wp-block-themeisle-blocks-advanced-column-2548e6be\" class=\"wp-block-themeisle-blocks-advanced-column has-light-bg\">\n<div class=\"wp-block-themeisle-blocks-service\">\n<div id=\"wp-block-themeisle-blocks-font-awesome-icons-8320ed25\" class=\"wp-block-themeisle-blocks-font-awesome-icons\"><span class=\"wp-block-themeisle-blocks-font-awesome-icons-container\"><i class=\"fas fa-home\"><\/i><\/span><\/div>\n\n\n\n<h3 id=\"wp-block-themeisle-blocks-advanced-heading-ac66c660\" class=\"wp-block-themeisle-blocks-advanced-heading wp-block-themeisle-blocks-advanced-heading-ac66c660\">Despidos<\/h3>\n\n\n\n<p id=\"wp-block-themeisle-blocks-advanced-heading-a5f1020f\" class=\"wp-block-themeisle-blocks-advanced-heading wp-block-themeisle-blocks-advanced-heading-a5f1020f\"> Obt\u00e9n justicia laboral y defiende tus derechos con nuestra asistencia legal en casos de despidos.<\/p>\n<\/div>\n<\/div>\n\n\n\n<div id=\"wp-block-themeisle-blocks-advanced-column-b3062cc8\" class=\"wp-block-themeisle-blocks-advanced-column has-light-bg\">\n<div class=\"wp-block-themeisle-blocks-service\">\n<div id=\"wp-block-themeisle-blocks-font-awesome-icons-37f1c5af\" class=\"wp-block-themeisle-blocks-font-awesome-icons\"><span class=\"wp-block-themeisle-blocks-font-awesome-icons-container\"><i class=\"fas fa-bicycle\"><\/i><\/span><\/div>\n\n\n\n<h3 id=\"wp-block-themeisle-blocks-advanced-heading-7df1e6e1\" class=\"wp-block-themeisle-blocks-advanced-heading wp-block-themeisle-blocks-advanced-heading-7df1e6e1\">  Accidentes de trabajo <\/h3>\n\n\n\n<p id=\"wp-block-themeisle-blocks-advanced-heading-2f884f68\" class=\"wp-block-themeisle-blocks-advanced-heading wp-block-themeisle-blocks-advanced-heading-2f884f68\"> Representaci\u00f3n legal experta en casos de accidentes laborales con nuestros abogados laboralistas.<\/p>\n<\/div>\n<\/div>\n\n\n\n<div id=\"wp-block-themeisle-blocks-advanced-column-0f4c038c\" class=\"wp-block-themeisle-blocks-advanced-column has-light-bg\">\n<div class=\"wp-block-themeisle-blocks-service\">\n<div id=\"wp-block-themeisle-blocks-font-awesome-icons-8982024e\" class=\"wp-block-themeisle-blocks-font-awesome-icons\"><span class=\"wp-block-themeisle-blocks-font-awesome-icons-container\"><i class=\"fas fa-dollar-sign\"><\/i><\/span><\/div>\n\n\n\n<h3 id=\"wp-block-themeisle-blocks-advanced-heading-f85589f7\" class=\"wp-block-themeisle-blocks-advanced-heading wp-block-themeisle-blocks-advanced-heading-f85589f7\"> Reclamaciones de cantidad <\/h3>\n\n\n\n<p id=\"wp-block-themeisle-blocks-advanced-heading-be194dd9\" class=\"wp-block-themeisle-blocks-advanced-heading wp-block-themeisle-blocks-advanced-heading-be194dd9\"> Recupera lo que te pertenece. Te ayudamos en la reclamaci\u00f3n de sueldos impagados y horas extras <\/p>\n<\/div>\n<\/div>\n<\/div><\/div>\n\n\n\n<div id=\"wp-block-themeisle-blocks-advanced-columns-704b200e\" class=\"wp-block-themeisle-blocks-advanced-columns alignfull has-2-columns has-desktop-equal-layout has-tablet-equal-layout has-mobile-collapsedRows-layout has-vertical-center\"><div class=\"wp-block-themeisle-blocks-advanced-columns-overlay\"><\/div><div class=\"innerblocks-wrap\">\n<div id=\"wp-block-themeisle-blocks-advanced-column-973d034a\" class=\"wp-block-themeisle-blocks-advanced-column\">\n<h2 class=\"wp-block-heading\">Abogada laboralista con experiencia integral&#8230; <\/h2>\n\n\n\n<p> <\/p>\n\n\n\n<ol>\n<li>Experiencia: Conocemos a fondo el entorno legal y laboral en toda la provincia de Girona, lo que nos permite ofrecer soluciones adaptadas a las necesidades espec\u00edficas de nuestros clientes.<\/li>\n\n\n\n<li>Compromiso: Nos dedicamos a proporcionar un servicio personalizado y cercano, manteniendo una comunicaci\u00f3n constante y transparente en cada etapa del proceso legal.<\/li>\n\n\n\n<li>Resultados: Nuestro historial de casos exitosos y testimonios de clientes satisfechos respaldan nuestra reputaci\u00f3n como uno de los principales despachos de abogados laboralistas en Girona.<\/li>\n<\/ol>\n\n\n\n<p> <\/p>\n\n\n\n<div id=\"wp-block-themeisle-blocks-button-group-7dfe5d62\" class=\"wp-block-themeisle-blocks-button-group wp-block-buttons\">\n<div id=\"wp-block-themeisle-blocks-button-8541a652\" class=\"wp-block-themeisle-blocks-button wp-block-button\"><a href=\"https:\/\/rociovazquezadvocats.com\/index.php\/contacto\/\" target=\"_self\" rel=\"noopener noreferrer\" class=\"wp-block-button__link\"><span>M\u00c1S SOBRE R.V.A.<\/span><\/a><\/div>\n<\/div>\n<\/div>\n\n\n\n<div id=\"wp-block-themeisle-blocks-advanced-column-25583956\" class=\"wp-block-themeisle-blocks-advanced-column\"><div class=\"wp-block-image\">\n<figure class=\"aligncenter size-large is-resized\"><img loading=\"lazy\" decoding=\"async\" width=\"683\" height=\"1024\" src=\"http:\/\/rociovazquezadvocats.com\/wp-content\/uploads\/2024\/02\/RocioVazquezAdvocats_1-683x1024.jpg\" alt=\"\" class=\"wp-image-222\" style=\"width:418px;height:auto\" srcset=\"https:\/\/rociovazquezadvocats.com\/wp-content\/uploads\/2024\/02\/RocioVazquezAdvocats_1-683x1024.jpg 683w, https:\/\/rociovazquezadvocats.com\/wp-content\/uploads\/2024\/02\/RocioVazquezAdvocats_1-200x300.jpg 200w, https:\/\/rociovazquezadvocats.com\/wp-content\/uploads\/2024\/02\/RocioVazquezAdvocats_1-768x1152.jpg 768w, https:\/\/rociovazquezadvocats.com\/wp-content\/uploads\/2024\/02\/RocioVazquezAdvocats_1-1024x1536.jpg 1024w, https:\/\/rociovazquezadvocats.com\/wp-content\/uploads\/2024\/02\/RocioVazquezAdvocats_1-1365x2048.jpg 1365w, https:\/\/rociovazquezadvocats.com\/wp-content\/uploads\/2024\/02\/RocioVazquezAdvocats_1-scaled.jpg 1707w\" sizes=\"(max-width: 683px) 100vw, 683px\" \/><\/figure><\/div><\/div>\n<\/div><\/div>\n\n\n\n<div id=\"wp-block-themeisle-blocks-advanced-columns-47225228\" class=\"wp-block-themeisle-blocks-advanced-columns alignfull has-1-columns has-desktop-equal-layout has-tablet-equal-layout has-mobile-equal-layout has-vertical-unset\"><div class=\"wp-block-themeisle-blocks-advanced-columns-overlay\"><\/div><div class=\"innerblocks-wrap\">\n<div id=\"wp-block-themeisle-blocks-advanced-column-b6745044\" class=\"wp-block-themeisle-blocks-advanced-column has-light-bg\">\n<p id=\"wp-block-themeisle-blocks-advanced-heading-407fe3d8\" class=\"wp-block-themeisle-blocks-advanced-heading wp-block-themeisle-blocks-advanced-heading-407fe3d8\">Preparad@ para dar el paso?<\/p>\n\n\n\n<h2 class=\"wp-block-heading has-text-align-center\">Contacta hoy mismo y pide cita<\/h2>\n\n\n\n<div style=\"height:20px\" aria-hidden=\"true\" class=\"wp-block-spacer\"><\/div>\n\n\n\n<div id=\"wp-block-themeisle-blocks-button-group-266da9fb\" class=\"wp-block-themeisle-blocks-button-group wp-block-buttons align-center\">\n<div id=\"wp-block-themeisle-blocks-button-80a51641\" class=\"wp-block-themeisle-blocks-button wp-block-button\"><a href=\"https:\/\/rociovazquezadvocats.com\/index.php\/cita-previa\/\" target=\"_self\" rel=\"noopener noreferrer\" class=\"wp-block-button__link\"><span>Agendar cita<\/span><\/a><\/div>\n<\/div>\n<\/div>\n<\/div><\/div>\n","protected":false},"excerpt":{"rendered":"","protected":false},"author":1,"featured_media":220,"parent":0,"menu_order":0,"comment_status":"closed","ping_status":"closed","template":"page-templates\/template-pagebuilder-full-width.php","meta":{"neve_meta_sidebar":"full-width","neve_meta_container":"contained","neve_meta_enable_content_width":"on","neve_meta_content_width":100,"neve_meta_title_alignment":"","neve_meta_author_avatar":"","neve_post_elements_order":"","neve_meta_disable_header":"","neve_meta_disable_footer":"","neve_meta_disable_title":"on","_themeisle_gutenberg_block_has_review":false,"footnotes":""},"yoast_head":"<!-- This site is optimized with the Yoast SEO plugin v23.5 - https:\/\/yoast.com\/wordpress\/plugins\/seo\/ -->\n<title>R.V.A. - Roc\u00edo V\u00e1zquez Advocats<\/title>\n<meta name=\"description\" content=\"Como abogada laboralista, nos especializamos en ofrecer asesoramiento legal experto y representaci\u00f3n en todos los asuntos relacionados con el derecho laboral en la provincia de Girona\" \/>\n<meta name=\"robots\" content=\"index, follow, max-snippet:-1, max-image-preview:large, max-video-preview:-1\" \/>\n<link rel=\"canonical\" href=\"https:\/\/rociovazquezadvocats.com\/\" \/>\n<meta property=\"og:locale\" content=\"en_US\" \/>\n<meta property=\"og:type\" content=\"article\" \/>\n<meta property=\"og:title\" content=\"R.V.A. - Roc\u00edo V\u00e1zquez Advocats\" \/>\n<meta property=\"og:description\" content=\"Como abogada laboralista, nos especializamos en ofrecer asesoramiento legal experto y representaci\u00f3n en todos los asuntos relacionados con el derecho laboral en la provincia de Girona\" \/>\n<meta property=\"og:url\" content=\"https:\/\/rociovazquezadvocats.com\/\" \/>\n<meta property=\"og:site_name\" content=\"Roc\u00edo V\u00e1zquez Advocats\" \/>\n<meta property=\"article:modified_time\" content=\"2024-02-18T14:55:49+00:00\" \/>\n<meta property=\"og:image\" content=\"http:\/\/rociovazquezadvocats.com\/wp-content\/uploads\/2024\/02\/RocioVazquezAdvocats_3-scaled.jpg\" \/>\n\t<meta property=\"og:image:width\" content=\"2560\" \/>\n\t<meta property=\"og:image:height\" content=\"1707\" \/>\n\t<meta property=\"og:image:type\" content=\"image\/jpeg\" \/>\n<meta name=\"twitter:card\" content=\"summary_large_image\" \/>\n<meta name=\"twitter:label1\" content=\"Est. reading time\" \/>\n\t<meta name=\"twitter:data1\" content=\"2 minutes\" \/>\n<script type=\"application\/ld+json\" class=\"yoast-schema-graph\">{\"@context\":\"https:\/\/schema.org\",\"@graph\":[{\"@type\":\"WebPage\",\"@id\":\"https:\/\/rociovazquezadvocats.com\/\",\"url\":\"https:\/\/rociovazquezadvocats.com\/\",\"name\":\"R.V.A. - Roc\u00edo V\u00e1zquez Advocats\",\"isPartOf\":{\"@id\":\"https:\/\/rociovazquezadvocats.com\/#website\"},\"primaryImageOfPage\":{\"@id\":\"https:\/\/rociovazquezadvocats.com\/#primaryimage\"},\"image\":{\"@id\":\"https:\/\/rociovazquezadvocats.com\/#primaryimage\"},\"thumbnailUrl\":\"https:\/\/rociovazquezadvocats.com\/wp-content\/uploads\/2024\/02\/RocioVazquezAdvocats_3-scaled.jpg\",\"datePublished\":\"2020-02-24T14:01:31+00:00\",\"dateModified\":\"2024-02-18T14:55:49+00:00\",\"description\":\"Como abogada laboralista, nos especializamos en ofrecer asesoramiento legal experto y representaci\u00f3n en todos los asuntos relacionados con el derecho laboral en la provincia de Girona\",\"breadcrumb\":{\"@id\":\"https:\/\/rociovazquezadvocats.com\/#breadcrumb\"},\"inLanguage\":\"en-US\",\"potentialAction\":[{\"@type\":\"ReadAction\",\"target\":[\"https:\/\/rociovazquezadvocats.com\/\"]}]},{\"@type\":\"ImageObject\",\"inLanguage\":\"en-US\",\"@id\":\"https:\/\/rociovazquezadvocats.com\/#primaryimage\",\"url\":\"https:\/\/rociovazquezadvocats.com\/wp-content\/uploads\/2024\/02\/RocioVazquezAdvocats_3-scaled.jpg\",\"contentUrl\":\"https:\/\/rociovazquezadvocats.com\/wp-content\/uploads\/2024\/02\/RocioVazquezAdvocats_3-scaled.jpg\",\"width\":2560,\"height\":1707,\"caption\":\"agogado laboralista girona\"},{\"@type\":\"BreadcrumbList\",\"@id\":\"https:\/\/rociovazquezadvocats.com\/#breadcrumb\",\"itemListElement\":[{\"@type\":\"ListItem\",\"position\":1,\"name\":\"Portada\",\"item\":\"https:\/\/rociovazquezadvocats.com\/\"},{\"@type\":\"ListItem\",\"position\":2,\"name\":\"R.V.A.\"}]},{\"@type\":\"WebSite\",\"@id\":\"https:\/\/rociovazquezadvocats.com\/#website\",\"url\":\"https:\/\/rociovazquezadvocats.com\/\",\"name\":\"Roc\u00edo V\u00e1zquez Advocats\",\"description\":\"Abogada laboralista\",\"publisher\":{\"@id\":\"https:\/\/rociovazquezadvocats.com\/#organization\"},\"potentialAction\":[{\"@type\":\"SearchAction\",\"target\":{\"@type\":\"EntryPoint\",\"urlTemplate\":\"https:\/\/rociovazquezadvocats.com\/?s={search_term_string}\"},\"query-input\":{\"@type\":\"PropertyValueSpecification\",\"valueRequired\":true,\"valueName\":\"search_term_string\"}}],\"inLanguage\":\"en-US\"},{\"@type\":\"Organization\",\"@id\":\"https:\/\/rociovazquezadvocats.com\/#organization\",\"name\":\"Roc\u00edo V\u00e1zquez Advocats\",\"url\":\"https:\/\/rociovazquezadvocats.com\/\",\"logo\":{\"@type\":\"ImageObject\",\"inLanguage\":\"en-US\",\"@id\":\"https:\/\/rociovazquezadvocats.com\/#\/schema\/logo\/image\/\",\"url\":\"\",\"contentUrl\":\"\",\"caption\":\"Roc\u00edo V\u00e1zquez Advocats\"},\"image\":{\"@id\":\"https:\/\/rociovazquezadvocats.com\/#\/schema\/logo\/image\/\"}}]}<\/script>\n<!-- \/ Yoast SEO plugin. -->","yoast_head_json":{"title":"R.V.A. - Roc\u00edo V\u00e1zquez Advocats","description":"Como abogada laboralista, nos especializamos en ofrecer asesoramiento legal experto y representaci\u00f3n en todos los asuntos relacionados con el derecho laboral en la provincia de Girona","robots":{"index":"index","follow":"follow","max-snippet":"max-snippet:-1","max-image-preview":"max-image-preview:large","max-video-preview":"max-video-preview:-1"},"canonical":"https:\/\/rociovazquezadvocats.com\/","og_locale":"en_US","og_type":"article","og_title":"R.V.A. - Roc\u00edo V\u00e1zquez Advocats","og_description":"Como abogada laboralista, nos especializamos en ofrecer asesoramiento legal experto y representaci\u00f3n en todos los asuntos relacionados con el derecho laboral en la provincia de Girona","og_url":"https:\/\/rociovazquezadvocats.com\/","og_site_name":"Roc\u00edo V\u00e1zquez Advocats","article_modified_time":"2024-02-18T14:55:49+00:00","og_image":[{"width":2560,"height":1707,"url":"http:\/\/rociovazquezadvocats.com\/wp-content\/uploads\/2024\/02\/RocioVazquezAdvocats_3-scaled.jpg","type":"image\/jpeg"}],"twitter_card":"summary_large_image","twitter_misc":{"Est. reading time":"2 minutes"},"schema":{"@context":"https:\/\/schema.org","@graph":[{"@type":"WebPage","@id":"https:\/\/rociovazquezadvocats.com\/","url":"https:\/\/rociovazquezadvocats.com\/","name":"R.V.A. - Roc\u00edo V\u00e1zquez Advocats","isPartOf":{"@id":"https:\/\/rociovazquezadvocats.com\/#website"},"primaryImageOfPage":{"@id":"https:\/\/rociovazquezadvocats.com\/#primaryimage"},"image":{"@id":"https:\/\/rociovazquezadvocats.com\/#primaryimage"},"thumbnailUrl":"https:\/\/rociovazquezadvocats.com\/wp-content\/uploads\/2024\/02\/RocioVazquezAdvocats_3-scaled.jpg","datePublished":"2020-02-24T14:01:31+00:00","dateModified":"2024-02-18T14:55:49+00:00","description":"Como abogada laboralista, nos especializamos en ofrecer asesoramiento legal experto y representaci\u00f3n en todos los asuntos relacionados con el derecho laboral en la provincia de Girona","breadcrumb":{"@id":"https:\/\/rociovazquezadvocats.com\/#breadcrumb"},"inLanguage":"en-US","potentialAction":[{"@type":"ReadAction","target":["https:\/\/rociovazquezadvocats.com\/"]}]},{"@type":"ImageObject","inLanguage":"en-US","@id":"https:\/\/rociovazquezadvocats.com\/#primaryimage","url":"https:\/\/rociovazquezadvocats.com\/wp-content\/uploads\/2024\/02\/RocioVazquezAdvocats_3-scaled.jpg","contentUrl":"https:\/\/rociovazquezadvocats.com\/wp-content\/uploads\/2024\/02\/RocioVazquezAdvocats_3-scaled.jpg","width":2560,"height":1707,"caption":"agogado laboralista girona"},{"@type":"BreadcrumbList","@id":"https:\/\/rociovazquezadvocats.com\/#breadcrumb","itemListElement":[{"@type":"ListItem","position":1,"name":"Portada","item":"https:\/\/rociovazquezadvocats.com\/"},{"@type":"ListItem","position":2,"name":"R.V.A."}]},{"@type":"WebSite","@id":"https:\/\/rociovazquezadvocats.com\/#website","url":"https:\/\/rociovazquezadvocats.com\/","name":"Roc\u00edo V\u00e1zquez Advocats","description":"Abogada laboralista","publisher":{"@id":"https:\/\/rociovazquezadvocats.com\/#organization"},"potentialAction":[{"@type":"SearchAction","target":{"@type":"EntryPoint","urlTemplate":"https:\/\/rociovazquezadvocats.com\/?s={search_term_string}"},"query-input":{"@type":"PropertyValueSpecification","valueRequired":true,"valueName":"search_term_string"}}],"inLanguage":"en-US"},{"@type":"Organization","@id":"https:\/\/rociovazquezadvocats.com\/#organization","name":"Roc\u00edo V\u00e1zquez Advocats","url":"https:\/\/rociovazquezadvocats.com\/","logo":{"@type":"ImageObject","inLanguage":"en-US","@id":"https:\/\/rociovazquezadvocats.com\/#\/schema\/logo\/image\/","url":"","contentUrl":"","caption":"Roc\u00edo V\u00e1zquez Advocats"},"image":{"@id":"https:\/\/rociovazquezadvocats.com\/#\/schema\/logo\/image\/"}}]}},"_links":{"self":[{"href":"https:\/\/rociovazquezadvocats.com\/index.php\/wp-json\/wp\/v2\/pages\/142"}],"collection":[{"href":"https:\/\/rociovazquezadvocats.com\/index.php\/wp-json\/wp\/v2\/pages"}],"about":[{"href":"https:\/\/rociovazquezadvocats.com\/index.php\/wp-json\/wp\/v2\/types\/page"}],"author":[{"embeddable":true,"href":"https:\/\/rociovazquezadvocats.com\/index.php\/wp-json\/wp\/v2\/users\/1"}],"replies":[{"embeddable":true,"href":"https:\/\/rociovazquezadvocats.com\/index.php\/wp-json\/wp\/v2\/comments?post=142"}],"version-history":[{"count":18,"href":"https:\/\/rociovazquezadvocats.com\/index.php\/wp-json\/wp\/v2\/pages\/142\/revisions"}],"predecessor-version":[{"id":298,"href":"https:\/\/rociovazquezadvocats.com\/index.php\/wp-json\/wp\/v2\/pages\/142\/revisions\/298"}],"wp:featuredmedia":[{"embeddable":true,"href":"https:\/\/rociovazquezadvocats.com\/index.php\/wp-json\/wp\/v2\/media\/220"}],"wp:attachment":[{"href":"https:\/\/rociovazquezadvocats.com\/index.php\/wp-json\/wp\/v2\/media?parent=142"}],"curies":[{"name":"wp","href":"https:\/\/api.w.org\/{rel}","templated":true}]}}