{"id":161,"date":"2020-02-26T09:07:17","date_gmt":"2020-02-26T09:07:17","guid":{"rendered":"https:\/\/demosites.io\/lawyers-gb\/?page_id=161"},"modified":"2024-02-18T15:32:22","modified_gmt":"2024-02-18T14:32:22","slug":"rocio-vazquez","status":"publish","type":"page","link":"https:\/\/rociovazquezadvocats.com\/index.php\/rocio-vazquez\/","title":{"rendered":"Sobre mi"},"content":{"rendered":"\n<div id=\"wp-block-themeisle-blocks-advanced-columns-1d44478c\" class=\"wp-block-themeisle-blocks-advanced-columns alignfull has-1-columns has-desktop-equal-layout has-tablet-equal-layout has-mobile-equal-layout has-vertical-unset\"><div class=\"wp-block-themeisle-blocks-advanced-columns-overlay\"><\/div><div class=\"innerblocks-wrap\">\n<div id=\"wp-block-themeisle-blocks-advanced-column-24b42ae0\" class=\"wp-block-themeisle-blocks-advanced-column has-dark-bg\">\n<h1 class=\"wp-block-heading has-text-align-center has-nv-text-dark-bg-color has-text-color\">Roc\u00edo V\u00e1zquez<\/h1>\n<\/div>\n<\/div><\/div>\n\n\n\n<div id=\"wp-block-themeisle-blocks-advanced-columns-4799159d\" class=\"wp-block-themeisle-blocks-advanced-columns alignfull has-2-columns has-desktop-equal-layout has-tablet-equal-layout has-mobile-collapsedRows-layout has-vertical-center\"><div class=\"wp-block-themeisle-blocks-advanced-columns-overlay\"><\/div><div class=\"innerblocks-wrap\">\n<div id=\"wp-block-themeisle-blocks-advanced-column-d281c4c3\" class=\"wp-block-themeisle-blocks-advanced-column\">\n<figure class=\"wp-block-image size-large\"><img loading=\"lazy\" decoding=\"async\" width=\"683\" height=\"1024\" src=\"http:\/\/rociovazquezadvocats.com\/wp-content\/uploads\/2024\/02\/RocioVazquezAdvocats_8-683x1024.jpg\" alt=\"\" class=\"wp-image-224\" srcset=\"https:\/\/rociovazquezadvocats.com\/wp-content\/uploads\/2024\/02\/RocioVazquezAdvocats_8-683x1024.jpg 683w, https:\/\/rociovazquezadvocats.com\/wp-content\/uploads\/2024\/02\/RocioVazquezAdvocats_8-200x300.jpg 200w, https:\/\/rociovazquezadvocats.com\/wp-content\/uploads\/2024\/02\/RocioVazquezAdvocats_8-768x1152.jpg 768w, https:\/\/rociovazquezadvocats.com\/wp-content\/uploads\/2024\/02\/RocioVazquezAdvocats_8-1024x1536.jpg 1024w, https:\/\/rociovazquezadvocats.com\/wp-content\/uploads\/2024\/02\/RocioVazquezAdvocats_8-1365x2048.jpg 1365w, https:\/\/rociovazquezadvocats.com\/wp-content\/uploads\/2024\/02\/RocioVazquezAdvocats_8-scaled.jpg 1707w\" sizes=\"(max-width: 683px) 100vw, 683px\" \/><\/figure>\n<\/div>\n\n\n\n<div id=\"wp-block-themeisle-blocks-advanced-column-bb3c1936\" class=\"wp-block-themeisle-blocks-advanced-column\">\n<h2 class=\"wp-block-heading\">Un poco de historia&#8230;<\/h2>\n\n\n\n<p> <\/p>\n\n\n\n<p>Hola! Soy Roc\u00edo V\u00e1zquez, tu abogada laboralista en Girona. Estoy para ofrecerte asesoramiento y acompa\u00f1amiento jur\u00eddico en tu d\u00eda a d\u00eda laboral. Enfrentar conflictos en el trabajo puede ser abrumador, pero estoy aqu\u00ed para ayudarte a resolverlos de la manera m\u00e1s efectiva posible.<\/p>\n\n\n\n<p>Los conflictos laborales no siempre tienen que llegar a juicio. Con mi experiencia, te guiar\u00e9 a trav\u00e9s de las opciones disponibles, ya sea mediante negociaciones, conciliaciones o procedimientos administrativos, para encontrar la mejor soluci\u00f3n para ti.<\/p>\n\n\n\n<p>Entiendo que el lenguaje legal puede ser complicado de entender. Por eso, estoy aqu\u00ed para traducirlo y explicarte tus derechos y opciones de una manera clara y comprensible. No tienes por qu\u00e9 enfrentar el desconocimiento sol@; con el asesoramiento adecuado, podemos evitar caer en errores costosos.<\/p>\n\n\n\n<p>Con mi experiencia y dedicaci\u00f3n encontraremos soluciones a medida para tus necesidades. <\/p>\n\n\n\n<p>\u00a1Cont\u00e1ctame hoy mismo para empezar a resolver tus conflictos laborales de forma efectiva<\/p>\n\n\n\n<div id=\"wp-block-themeisle-blocks-button-group-8fd43d2a\" class=\"wp-block-themeisle-blocks-button-group wp-block-buttons\">\n<div id=\"wp-block-themeisle-blocks-button-dbb09ed6\" class=\"wp-block-themeisle-blocks-button wp-block-button\"><a href=\"https:\/\/rociovazquezadvocats.com\/index.php\/cita-previa\/\" target=\"_self\" rel=\"noopener noreferrer\" class=\"wp-block-button__link\"><span>Agendar llamada<\/span><\/a><\/div>\n<\/div>\n<\/div>\n<\/div><\/div>\n\n\n\n<div id=\"wp-block-themeisle-blocks-advanced-columns-f3755e13\" class=\"wp-block-themeisle-blocks-advanced-columns alignfull has-1-columns has-desktop-equal-layout has-tablet-equal-layout has-mobile-equal-layout has-vertical-unset has-light-bg\"><div class=\"wp-block-themeisle-blocks-advanced-columns-overlay\"><\/div><div class=\"innerblocks-wrap\">\n<div id=\"wp-block-themeisle-blocks-advanced-column-7fd45669\" class=\"wp-block-themeisle-blocks-advanced-column\">\n<h2 class=\"wp-block-heading has-text-align-center\">Especialista en&#8230;<\/h2>\n<\/div>\n<\/div><\/div>\n\n\n\n<div id=\"wp-block-themeisle-blocks-advanced-columns-fceb3949\" class=\"wp-block-themeisle-blocks-advanced-columns alignfull has-3-columns has-desktop-equal-layout has-tablet-equal-layout has-mobile-collapsedRows-layout has-vertical-unset has-light-bg\"><div class=\"wp-block-themeisle-blocks-advanced-columns-overlay\"><\/div><div class=\"innerblocks-wrap\">\n<div id=\"wp-block-themeisle-blocks-advanced-column-8e16a918\" class=\"wp-block-themeisle-blocks-advanced-column has-light-bg\">\n<div class=\"wp-block-themeisle-blocks-service\">\n<div id=\"wp-block-themeisle-blocks-font-awesome-icons-319efbcd\" class=\"wp-block-themeisle-blocks-font-awesome-icons\"><span class=\"wp-block-themeisle-blocks-font-awesome-icons-container\"><i class=\"fas fa-car\"><\/i><\/span><\/div>\n\n\n\n<h3 id=\"wp-block-themeisle-blocks-advanced-heading-ce597b76\" class=\"wp-block-themeisle-blocks-advanced-heading wp-block-themeisle-blocks-advanced-heading-ce597b76\"> Seguridad Social <\/h3>\n\n\n\n<p id=\"wp-block-themeisle-blocks-advanced-heading-033756e7\" class=\"wp-block-themeisle-blocks-advanced-heading wp-block-themeisle-blocks-advanced-heading-033756e7\"> Trayectoria consolidada y enfoque meticuloso. <\/p>\n<\/div>\n<\/div>\n\n\n\n<div id=\"wp-block-themeisle-blocks-advanced-column-277dec7b\" class=\"wp-block-themeisle-blocks-advanced-column has-light-bg\">\n<div class=\"wp-block-themeisle-blocks-service\">\n<div id=\"wp-block-themeisle-blocks-font-awesome-icons-7c256c97\" class=\"wp-block-themeisle-blocks-font-awesome-icons\"><span class=\"wp-block-themeisle-blocks-font-awesome-icons-container\"><i class=\"fas fa-archive\"><\/i><\/span><\/div>\n\n\n\n<h3 id=\"wp-block-themeisle-blocks-advanced-heading-921812a3\" class=\"wp-block-themeisle-blocks-advanced-heading wp-block-themeisle-blocks-advanced-heading-921812a3\">Derecho Laboral<\/h3>\n\n\n\n<p id=\"wp-block-themeisle-blocks-advanced-heading-9e3602b0\" class=\"wp-block-themeisle-blocks-advanced-heading wp-block-themeisle-blocks-advanced-heading-9e3602b0\"> Planificaci\u00f3n estrat\u00e9gica individualizada.<\/p>\n<\/div>\n<\/div>\n\n\n\n<div id=\"wp-block-themeisle-blocks-advanced-column-44cce08d\" class=\"wp-block-themeisle-blocks-advanced-column has-light-bg\">\n<div class=\"wp-block-themeisle-blocks-service\">\n<div id=\"wp-block-themeisle-blocks-font-awesome-icons-0bec0189\" class=\"wp-block-themeisle-blocks-font-awesome-icons\"><span class=\"wp-block-themeisle-blocks-font-awesome-icons-container\"><i class=\"fab fa-pagelines\"><\/i><\/span><\/div>\n\n\n\n<h3 id=\"wp-block-themeisle-blocks-advanced-heading-d853a05e\" class=\"wp-block-themeisle-blocks-advanced-heading wp-block-themeisle-blocks-advanced-heading-d853a05e\">Negociaci\u00f3n<\/h3>\n\n\n\n<p id=\"wp-block-themeisle-blocks-advanced-heading-b8d56d2b\" class=\"wp-block-themeisle-blocks-advanced-heading wp-block-themeisle-blocks-advanced-heading-b8d56d2b\"> Resoluci\u00f3n estrat\u00e9gica de conflictos y planificaci\u00f3n proactiva.<\/p>\n<\/div>\n<\/div>\n<\/div><\/div>\n\n\n\n<div id=\"wp-block-themeisle-blocks-advanced-columns-603878b8\" class=\"wp-block-themeisle-blocks-advanced-columns alignfull has-1-columns has-desktop-equal-layout has-tablet-equal-layout has-mobile-equal-layout has-vertical-unset\"><div class=\"wp-block-themeisle-blocks-advanced-columns-overlay\"><\/div><div class=\"innerblocks-wrap\">\n<div id=\"wp-block-themeisle-blocks-advanced-column-ee744101\" class=\"wp-block-themeisle-blocks-advanced-column has-light-bg\">\n<p id=\"wp-block-themeisle-blocks-advanced-heading-68bfd6bf\" class=\"wp-block-themeisle-blocks-advanced-heading wp-block-themeisle-blocks-advanced-heading-68bfd6bf\"> R.V.A. <\/p>\n\n\n\n<h2 class=\"wp-block-heading has-text-align-center\">Reserva una llamada conmigo<\/h2>\n\n\n\n<div style=\"height:20px\" aria-hidden=\"true\" class=\"wp-block-spacer\"><\/div>\n\n\n\n<div id=\"wp-block-themeisle-blocks-button-group-21c32419\" class=\"wp-block-themeisle-blocks-button-group wp-block-buttons align-center\">\n<div id=\"wp-block-themeisle-blocks-button-6c433851\" class=\"wp-block-themeisle-blocks-button wp-block-button\"><a href=\"https:\/\/rociovazquezadvocats.com\/index.php\/cita-previa\/\" target=\"_self\" rel=\"noopener noreferrer\" class=\"wp-block-button__link\"><span>RESERVAR CITA<\/span><\/a><\/div>\n<\/div>\n<\/div>\n<\/div><\/div>\n","protected":false},"excerpt":{"rendered":"","protected":false},"author":1,"featured_media":0,"parent":0,"menu_order":0,"comment_status":"closed","ping_status":"closed","template":"page-templates\/template-pagebuilder-full-width.php","meta":{"neve_meta_sidebar":"full-width","neve_meta_container":"","neve_meta_enable_content_width":"on","neve_meta_content_width":100,"neve_meta_title_alignment":"","neve_meta_author_avatar":"","neve_post_elements_order":"","neve_meta_disable_header":"","neve_meta_disable_footer":"","neve_meta_disable_title":"","_themeisle_gutenberg_block_has_review":false,"footnotes":""},"yoast_head":"<!-- This site is optimized with the Yoast SEO plugin v23.5 - https:\/\/yoast.com\/wordpress\/plugins\/seo\/ -->\n<title>Sobre mi - Roc\u00edo V\u00e1zquez Advocats<\/title>\n<meta name=\"description\" content=\"Roc\u00edo V\u00e1zquez, experta en derecho laboral. Asesoramiento jur\u00eddico personalizado para resolver tus conflictos laborales de manera efectiva.\" \/>\n<meta name=\"robots\" content=\"index, follow, max-snippet:-1, max-image-preview:large, max-video-preview:-1\" \/>\n<link rel=\"canonical\" href=\"https:\/\/rociovazquezadvocats.com\/index.php\/rocio-vazquez\/\" \/>\n<meta property=\"og:locale\" content=\"en_US\" \/>\n<meta property=\"og:type\" content=\"article\" \/>\n<meta property=\"og:title\" content=\"Sobre mi - Roc\u00edo V\u00e1zquez Advocats\" \/>\n<meta property=\"og:description\" content=\"Roc\u00edo V\u00e1zquez, experta en derecho laboral. Asesoramiento jur\u00eddico personalizado para resolver tus conflictos laborales de manera efectiva.\" \/>\n<meta property=\"og:url\" content=\"https:\/\/rociovazquezadvocats.com\/index.php\/rocio-vazquez\/\" \/>\n<meta property=\"og:site_name\" content=\"Roc\u00edo V\u00e1zquez Advocats\" \/>\n<meta property=\"article:modified_time\" content=\"2024-02-18T14:32:22+00:00\" \/>\n<meta property=\"og:image\" content=\"http:\/\/rociovazquezadvocats.com\/wp-content\/uploads\/2024\/02\/RocioVazquezAdvocats_8-683x1024.jpg\" \/>\n<meta name=\"twitter:card\" content=\"summary_large_image\" \/>\n<meta name=\"twitter:label1\" content=\"Est. reading time\" \/>\n\t<meta name=\"twitter:data1\" content=\"2 minutes\" \/>\n<script type=\"application\/ld+json\" class=\"yoast-schema-graph\">{\"@context\":\"https:\/\/schema.org\",\"@graph\":[{\"@type\":\"WebPage\",\"@id\":\"https:\/\/rociovazquezadvocats.com\/index.php\/rocio-vazquez\/\",\"url\":\"https:\/\/rociovazquezadvocats.com\/index.php\/rocio-vazquez\/\",\"name\":\"Sobre mi - Roc\u00edo V\u00e1zquez Advocats\",\"isPartOf\":{\"@id\":\"https:\/\/rociovazquezadvocats.com\/#website\"},\"primaryImageOfPage\":{\"@id\":\"https:\/\/rociovazquezadvocats.com\/index.php\/rocio-vazquez\/#primaryimage\"},\"image\":{\"@id\":\"https:\/\/rociovazquezadvocats.com\/index.php\/rocio-vazquez\/#primaryimage\"},\"thumbnailUrl\":\"http:\/\/rociovazquezadvocats.com\/wp-content\/uploads\/2024\/02\/RocioVazquezAdvocats_8-683x1024.jpg\",\"datePublished\":\"2020-02-26T09:07:17+00:00\",\"dateModified\":\"2024-02-18T14:32:22+00:00\",\"description\":\"Roc\u00edo V\u00e1zquez, experta en derecho laboral. Asesoramiento jur\u00eddico personalizado para resolver tus conflictos laborales de manera efectiva.\",\"breadcrumb\":{\"@id\":\"https:\/\/rociovazquezadvocats.com\/index.php\/rocio-vazquez\/#breadcrumb\"},\"inLanguage\":\"en-US\",\"potentialAction\":[{\"@type\":\"ReadAction\",\"target\":[\"https:\/\/rociovazquezadvocats.com\/index.php\/rocio-vazquez\/\"]}]},{\"@type\":\"ImageObject\",\"inLanguage\":\"en-US\",\"@id\":\"https:\/\/rociovazquezadvocats.com\/index.php\/rocio-vazquez\/#primaryimage\",\"url\":\"https:\/\/rociovazquezadvocats.com\/wp-content\/uploads\/2024\/02\/RocioVazquezAdvocats_8-scaled.jpg\",\"contentUrl\":\"https:\/\/rociovazquezadvocats.com\/wp-content\/uploads\/2024\/02\/RocioVazquezAdvocats_8-scaled.jpg\",\"width\":1707,\"height\":2560},{\"@type\":\"BreadcrumbList\",\"@id\":\"https:\/\/rociovazquezadvocats.com\/index.php\/rocio-vazquez\/#breadcrumb\",\"itemListElement\":[{\"@type\":\"ListItem\",\"position\":1,\"name\":\"Portada\",\"item\":\"https:\/\/rociovazquezadvocats.com\/\"},{\"@type\":\"ListItem\",\"position\":2,\"name\":\"Sobre mi\"}]},{\"@type\":\"WebSite\",\"@id\":\"https:\/\/rociovazquezadvocats.com\/#website\",\"url\":\"https:\/\/rociovazquezadvocats.com\/\",\"name\":\"Roc\u00edo V\u00e1zquez Advocats\",\"description\":\"Abogada laboralista\",\"publisher\":{\"@id\":\"https:\/\/rociovazquezadvocats.com\/#organization\"},\"potentialAction\":[{\"@type\":\"SearchAction\",\"target\":{\"@type\":\"EntryPoint\",\"urlTemplate\":\"https:\/\/rociovazquezadvocats.com\/?s={search_term_string}\"},\"query-input\":{\"@type\":\"PropertyValueSpecification\",\"valueRequired\":true,\"valueName\":\"search_term_string\"}}],\"inLanguage\":\"en-US\"},{\"@type\":\"Organization\",\"@id\":\"https:\/\/rociovazquezadvocats.com\/#organization\",\"name\":\"Roc\u00edo V\u00e1zquez Advocats\",\"url\":\"https:\/\/rociovazquezadvocats.com\/\",\"logo\":{\"@type\":\"ImageObject\",\"inLanguage\":\"en-US\",\"@id\":\"https:\/\/rociovazquezadvocats.com\/#\/schema\/logo\/image\/\",\"url\":\"\",\"contentUrl\":\"\",\"caption\":\"Roc\u00edo V\u00e1zquez Advocats\"},\"image\":{\"@id\":\"https:\/\/rociovazquezadvocats.com\/#\/schema\/logo\/image\/\"}}]}<\/script>\n<!-- \/ Yoast SEO plugin. -->","yoast_head_json":{"title":"Sobre mi - Roc\u00edo V\u00e1zquez Advocats","description":"Roc\u00edo V\u00e1zquez, experta en derecho laboral. Asesoramiento jur\u00eddico personalizado para resolver tus conflictos laborales de manera efectiva.","robots":{"index":"index","follow":"follow","max-snippet":"max-snippet:-1","max-image-preview":"max-image-preview:large","max-video-preview":"max-video-preview:-1"},"canonical":"https:\/\/rociovazquezadvocats.com\/index.php\/rocio-vazquez\/","og_locale":"en_US","og_type":"article","og_title":"Sobre mi - Roc\u00edo V\u00e1zquez Advocats","og_description":"Roc\u00edo V\u00e1zquez, experta en derecho laboral. Asesoramiento jur\u00eddico personalizado para resolver tus conflictos laborales de manera efectiva.","og_url":"https:\/\/rociovazquezadvocats.com\/index.php\/rocio-vazquez\/","og_site_name":"Roc\u00edo V\u00e1zquez Advocats","article_modified_time":"2024-02-18T14:32:22+00:00","og_image":[{"url":"http:\/\/rociovazquezadvocats.com\/wp-content\/uploads\/2024\/02\/RocioVazquezAdvocats_8-683x1024.jpg"}],"twitter_card":"summary_large_image","twitter_misc":{"Est. reading time":"2 minutes"},"schema":{"@context":"https:\/\/schema.org","@graph":[{"@type":"WebPage","@id":"https:\/\/rociovazquezadvocats.com\/index.php\/rocio-vazquez\/","url":"https:\/\/rociovazquezadvocats.com\/index.php\/rocio-vazquez\/","name":"Sobre mi - Roc\u00edo V\u00e1zquez Advocats","isPartOf":{"@id":"https:\/\/rociovazquezadvocats.com\/#website"},"primaryImageOfPage":{"@id":"https:\/\/rociovazquezadvocats.com\/index.php\/rocio-vazquez\/#primaryimage"},"image":{"@id":"https:\/\/rociovazquezadvocats.com\/index.php\/rocio-vazquez\/#primaryimage"},"thumbnailUrl":"http:\/\/rociovazquezadvocats.com\/wp-content\/uploads\/2024\/02\/RocioVazquezAdvocats_8-683x1024.jpg","datePublished":"2020-02-26T09:07:17+00:00","dateModified":"2024-02-18T14:32:22+00:00","description":"Roc\u00edo V\u00e1zquez, experta en derecho laboral. Asesoramiento jur\u00eddico personalizado para resolver tus conflictos laborales de manera efectiva.","breadcrumb":{"@id":"https:\/\/rociovazquezadvocats.com\/index.php\/rocio-vazquez\/#breadcrumb"},"inLanguage":"en-US","potentialAction":[{"@type":"ReadAction","target":["https:\/\/rociovazquezadvocats.com\/index.php\/rocio-vazquez\/"]}]},{"@type":"ImageObject","inLanguage":"en-US","@id":"https:\/\/rociovazquezadvocats.com\/index.php\/rocio-vazquez\/#primaryimage","url":"https:\/\/rociovazquezadvocats.com\/wp-content\/uploads\/2024\/02\/RocioVazquezAdvocats_8-scaled.jpg","contentUrl":"https:\/\/rociovazquezadvocats.com\/wp-content\/uploads\/2024\/02\/RocioVazquezAdvocats_8-scaled.jpg","width":1707,"height":2560},{"@type":"BreadcrumbList","@id":"https:\/\/rociovazquezadvocats.com\/index.php\/rocio-vazquez\/#breadcrumb","itemListElement":[{"@type":"ListItem","position":1,"name":"Portada","item":"https:\/\/rociovazquezadvocats.com\/"},{"@type":"ListItem","position":2,"name":"Sobre mi"}]},{"@type":"WebSite","@id":"https:\/\/rociovazquezadvocats.com\/#website","url":"https:\/\/rociovazquezadvocats.com\/","name":"Roc\u00edo V\u00e1zquez Advocats","description":"Abogada laboralista","publisher":{"@id":"https:\/\/rociovazquezadvocats.com\/#organization"},"potentialAction":[{"@type":"SearchAction","target":{"@type":"EntryPoint","urlTemplate":"https:\/\/rociovazquezadvocats.com\/?s={search_term_string}"},"query-input":{"@type":"PropertyValueSpecification","valueRequired":true,"valueName":"search_term_string"}}],"inLanguage":"en-US"},{"@type":"Organization","@id":"https:\/\/rociovazquezadvocats.com\/#organization","name":"Roc\u00edo V\u00e1zquez Advocats","url":"https:\/\/rociovazquezadvocats.com\/","logo":{"@type":"ImageObject","inLanguage":"en-US","@id":"https:\/\/rociovazquezadvocats.com\/#\/schema\/logo\/image\/","url":"","contentUrl":"","caption":"Roc\u00edo V\u00e1zquez Advocats"},"image":{"@id":"https:\/\/rociovazquezadvocats.com\/#\/schema\/logo\/image\/"}}]}},"_links":{"self":[{"href":"https:\/\/rociovazquezadvocats.com\/index.php\/wp-json\/wp\/v2\/pages\/161"}],"collection":[{"href":"https:\/\/rociovazquezadvocats.com\/index.php\/wp-json\/wp\/v2\/pages"}],"about":[{"href":"https:\/\/rociovazquezadvocats.com\/index.php\/wp-json\/wp\/v2\/types\/page"}],"author":[{"embeddable":true,"href":"https:\/\/rociovazquezadvocats.com\/index.php\/wp-json\/wp\/v2\/users\/1"}],"replies":[{"embeddable":true,"href":"https:\/\/rociovazquezadvocats.com\/index.php\/wp-json\/wp\/v2\/comments?post=161"}],"version-history":[{"count":5,"href":"https:\/\/rociovazquezadvocats.com\/index.php\/wp-json\/wp\/v2\/pages\/161\/revisions"}],"predecessor-version":[{"id":296,"href":"https:\/\/rociovazquezadvocats.com\/index.php\/wp-json\/wp\/v2\/pages\/161\/revisions\/296"}],"wp:attachment":[{"href":"https:\/\/rociovazquezadvocats.com\/index.php\/wp-json\/wp\/v2\/media?parent=161"}],"curies":[{"name":"wp","href":"https:\/\/api.w.org\/{rel}","templated":true}]}}