{"id":174,"date":"2020-02-26T11:48:48","date_gmt":"2020-02-26T11:48:48","guid":{"rendered":"https:\/\/demosites.io\/lawyers-gb\/?page_id=174"},"modified":"2025-06-29T18:02:54","modified_gmt":"2025-06-29T16:02:54","slug":"contacto","status":"publish","type":"page","link":"https:\/\/rociovazquezadvocats.com\/index.php\/contacto\/","title":{"rendered":"Contacto"},"content":{"rendered":"\n<div id=\"wp-block-themeisle-blocks-advanced-columns-fd115547\" class=\"wp-block-themeisle-blocks-advanced-columns alignfull has-1-columns has-desktop-equal-layout has-tablet-equal-layout has-mobile-equal-layout has-vertical-unset\"><div class=\"wp-block-themeisle-blocks-advanced-columns-overlay\"><\/div><div class=\"innerblocks-wrap\">\n<div id=\"wp-block-themeisle-blocks-advanced-column-de2aa3a2\" class=\"wp-block-themeisle-blocks-advanced-column has-dark-bg\">\n<p id=\"wp-block-themeisle-blocks-advanced-heading-fb9ebb12\" class=\"wp-block-themeisle-blocks-advanced-heading wp-block-themeisle-blocks-advanced-heading-fb9ebb12\"> <strong>GET IN TOUCH<\/strong> <\/p>\n\n\n\n<h1 class=\"wp-block-heading has-text-align-center has-nv-text-dark-bg-color has-text-color\"> Contacta con nosotros <\/h1>\n<\/div>\n<\/div><\/div>\n\n\n\n<div id=\"wp-block-themeisle-blocks-advanced-columns-7c7a89c9\" class=\"wp-block-themeisle-blocks-advanced-columns alignfull has-2-columns has-desktop-equal-layout has-tablet-equal-layout has-mobile-collapsedRows-layout has-vertical-center\"><div class=\"wp-block-themeisle-blocks-advanced-columns-overlay\"><\/div><div class=\"innerblocks-wrap\">\n<div id=\"wp-block-themeisle-blocks-advanced-column-6b5d17f2\" class=\"wp-block-themeisle-blocks-advanced-column\">\n<figure class=\"wp-block-image size-full\"><img loading=\"lazy\" decoding=\"async\" width=\"2717\" height=\"2717\" src=\"https:\/\/rociovazquezadvocats.com\/wp-content\/uploads\/2024\/02\/Rocio-Vazquez-Logo-08.png\" alt=\"\" class=\"wp-image-262\" srcset=\"https:\/\/rociovazquezadvocats.com\/wp-content\/uploads\/2024\/02\/Rocio-Vazquez-Logo-08.png 2717w, https:\/\/rociovazquezadvocats.com\/wp-content\/uploads\/2024\/02\/Rocio-Vazquez-Logo-08-300x300.png 300w, https:\/\/rociovazquezadvocats.com\/wp-content\/uploads\/2024\/02\/Rocio-Vazquez-Logo-08-1024x1024.png 1024w, https:\/\/rociovazquezadvocats.com\/wp-content\/uploads\/2024\/02\/Rocio-Vazquez-Logo-08-150x150.png 150w, https:\/\/rociovazquezadvocats.com\/wp-content\/uploads\/2024\/02\/Rocio-Vazquez-Logo-08-768x768.png 768w, https:\/\/rociovazquezadvocats.com\/wp-content\/uploads\/2024\/02\/Rocio-Vazquez-Logo-08-1536x1536.png 1536w, https:\/\/rociovazquezadvocats.com\/wp-content\/uploads\/2024\/02\/Rocio-Vazquez-Logo-08-2048x2048.png 2048w\" sizes=\"(max-width: 2717px) 100vw, 2717px\" \/><\/figure>\n<\/div>\n\n\n\n<div id=\"wp-block-themeisle-blocks-advanced-column-be5e45fb\" class=\"wp-block-themeisle-blocks-advanced-column\">\n<h2 class=\"wp-block-heading\"> Contacto<\/h2>\n\n\n\n<hr class=\"wp-block-separator has-text-color has-css-opacity has-background is-style-wide\" style=\"background-color:#e8e8e8;color:#e8e8e8\"\/>\n\n\n\n<p>Ll\u00e1mame o escr\u00edbeme para contarme cu\u00e1l es tu caso.&nbsp;Encontraremos la mejor soluci\u00f3n para tu situaci\u00f3n.<br>Podemos agendar una reuni\u00f3n presencial u online.<\/p>\n\n\n\n<h4 class=\"wp-block-heading\">+34 611 57 48 50<\/h4>\n\n\n\n<h4 class=\"wp-block-heading\">rociovazquez.advocats@gmail.com<\/h4>\n\n\n\n<h4 class=\"wp-block-heading\">c\/del Riu G\u00fcell4 Baixos. 17001 Girona<\/h4>\n\n\n\n<p> <\/p>\n<\/div>\n<\/div><\/div>\n\n\n\n<div id=\"wp-block-themeisle-blocks-advanced-columns-02d86e0d\" class=\"wp-block-themeisle-blocks-advanced-columns has-1-columns has-desktop-equal-layout has-tablet-equal-layout has-mobile-collapsedRows-layout has-vertical-center ticss-c00aadba\"><div class=\"wp-block-themeisle-blocks-advanced-columns-overlay\"><\/div><div class=\"innerblocks-wrap\">\n<div id=\"wp-block-themeisle-blocks-advanced-column-853c0cd5\" class=\"wp-block-themeisle-blocks-advanced-column\">\n<p id=\"wp-block-themeisle-blocks-advanced-heading-0d3c3162\" class=\"wp-block-themeisle-blocks-advanced-heading wp-block-themeisle-blocks-advanced-heading-0d3c3162\">R.v.a.<\/p>\n<\/div>\n<\/div><\/div>\n\n\n\n<div id=\"wp-block-themeisle-blocks-advanced-columns-2672f4b5\" class=\"wp-block-themeisle-blocks-advanced-columns alignfull has-2-columns has-desktop-equal-layout has-tablet-equal-layout has-mobile-collapsedRows-layout has-vertical-unset has-dark-bg\"><div class=\"wp-block-themeisle-blocks-advanced-columns-overlay\"><\/div><div class=\"innerblocks-wrap\">\n<div id=\"wp-block-themeisle-blocks-advanced-column-05e52c3e\" class=\"wp-block-themeisle-blocks-advanced-column\">\n<h2 class=\"wp-block-heading has-nv-text-dark-bg-color has-text-color\"> Env\u00eda un mensaje utilizando el formulario <\/h2>\n\n\n\n<p class=\"has-nv-text-dark-bg-color has-text-color\"> Para una respuesta m\u00e1s r\u00e1pida y fluida, se recomienda utilizar el correo electr\u00f3nico o tel\u00e9fono m\u00f3vil. <\/p>\n\n\n\n<div id=\"wp-block-themeisle-blocks-button-group-7f392e90\" class=\"wp-block-themeisle-blocks-button-group wp-block-buttons\">\n<div id=\"wp-block-themeisle-blocks-button-d628acb6\" class=\"wp-block-themeisle-blocks-button wp-block-button\"><a href=\"\" target=\"_self\" rel=\"noopener noreferrer\" class=\"wp-block-button__link\"><i class=\"fas fa-fw fa-map-marker-alt margin-right\"><\/i><span> 17001, Girona <\/span><\/a><\/div>\n<\/div>\n\n\n\n<div id=\"wp-block-themeisle-blocks-button-group-89e6367b\" class=\"wp-block-themeisle-blocks-button-group wp-block-buttons\">\n<div id=\"wp-block-themeisle-blocks-button-f6ab3bb5\" class=\"wp-block-themeisle-blocks-button wp-block-button\"><a href=\"\" target=\"_blank\" rel=\"noopener noreferrer\" class=\"wp-block-button__link\"><i class=\"fab fa-fw fa-facebook-f\"><\/i><\/a><\/div>\n\n\n\n<div id=\"wp-block-themeisle-blocks-button-ddd4d356\" class=\"wp-block-themeisle-blocks-button wp-block-button\"><a href=\"\" target=\"_blank\" rel=\"noopener noreferrer\" class=\"wp-block-button__link\"><i class=\"fab fa-fw fa-twitter\"><\/i><\/a><\/div>\n\n\n\n<div id=\"wp-block-themeisle-blocks-button-36612cba\" class=\"wp-block-themeisle-blocks-button wp-block-button\"><a href=\"\" target=\"_blank\" rel=\"noopener noreferrer\" class=\"wp-block-button__link\"><i class=\"fab fa-fw fa-google-plus\"><\/i><\/a><\/div>\n\n\n\n<div id=\"wp-block-themeisle-blocks-button-45cdcaa1\" class=\"wp-block-themeisle-blocks-button wp-block-button\"><a href=\"\" target=\"_blank\" rel=\"noopener noreferrer\" class=\"wp-block-button__link\"><i class=\"fab fa-fw fa-pinterest\"><\/i><\/a><\/div>\n\n\n\n<div id=\"wp-block-themeisle-blocks-button-faf5e2e7\" class=\"wp-block-themeisle-blocks-button wp-block-button\"><a href=\"\" target=\"_blank\" rel=\"noopener noreferrer\" class=\"wp-block-button__link\"><i class=\"fab fa-fw fa-instagram\"><\/i><\/a><\/div>\n<\/div>\n<\/div>\n\n\n\n<div id=\"wp-block-themeisle-blocks-advanced-column-0788243d\" class=\"wp-block-themeisle-blocks-advanced-column has-light-bg\"><\/div>\n<\/div><\/div>\n","protected":false},"excerpt":{"rendered":"","protected":false},"author":1,"featured_media":0,"parent":0,"menu_order":0,"comment_status":"closed","ping_status":"closed","template":"page-templates\/template-pagebuilder-full-width.php","meta":{"neve_meta_sidebar":"full-width","neve_meta_container":"contained","neve_meta_enable_content_width":"on","neve_meta_content_width":100,"neve_meta_title_alignment":"","neve_meta_author_avatar":"","neve_post_elements_order":"","neve_meta_disable_header":"","neve_meta_disable_footer":"","neve_meta_disable_title":"","_themeisle_gutenberg_block_has_review":false,"footnotes":""},"yoast_head":"<!-- This site is optimized with the Yoast SEO plugin v23.5 - https:\/\/yoast.com\/wordpress\/plugins\/seo\/ -->\n<title>Contacto - Roc\u00edo V\u00e1zquez Advocats<\/title>\n<meta name=\"description\" content=\"Ll\u00e1mame o escr\u00edbeme para contarme cu\u00e1l es tu caso.\u00a0Encontraremos la mejor soluci\u00f3n para tu situaci\u00f3n. Reuni\u00f3n presencial u online.\" \/>\n<meta name=\"robots\" content=\"index, follow, max-snippet:-1, max-image-preview:large, max-video-preview:-1\" \/>\n<link rel=\"canonical\" href=\"https:\/\/rociovazquezadvocats.com\/index.php\/contacto\/\" \/>\n<meta property=\"og:locale\" content=\"en_US\" \/>\n<meta property=\"og:type\" content=\"article\" \/>\n<meta property=\"og:title\" content=\"Contacto - Roc\u00edo V\u00e1zquez Advocats\" \/>\n<meta property=\"og:description\" content=\"Ll\u00e1mame o escr\u00edbeme para contarme cu\u00e1l es tu caso.\u00a0Encontraremos la mejor soluci\u00f3n para tu situaci\u00f3n. Reuni\u00f3n presencial u online.\" \/>\n<meta property=\"og:url\" content=\"https:\/\/rociovazquezadvocats.com\/index.php\/contacto\/\" \/>\n<meta property=\"og:site_name\" content=\"Roc\u00edo V\u00e1zquez Advocats\" \/>\n<meta property=\"article:modified_time\" content=\"2025-06-29T16:02:54+00:00\" \/>\n<meta property=\"og:image\" content=\"https:\/\/rociovazquezadvocats.com\/wp-content\/uploads\/2024\/02\/Rocio-Vazquez-Logo-08.png\" \/>\n<meta name=\"twitter:card\" content=\"summary_large_image\" \/>\n<meta name=\"twitter:label1\" content=\"Est. reading time\" \/>\n\t<meta name=\"twitter:data1\" content=\"1 minute\" \/>\n<script type=\"application\/ld+json\" class=\"yoast-schema-graph\">{\"@context\":\"https:\/\/schema.org\",\"@graph\":[{\"@type\":\"WebPage\",\"@id\":\"https:\/\/rociovazquezadvocats.com\/index.php\/contacto\/\",\"url\":\"https:\/\/rociovazquezadvocats.com\/index.php\/contacto\/\",\"name\":\"Contacto - Roc\u00edo V\u00e1zquez Advocats\",\"isPartOf\":{\"@id\":\"https:\/\/rociovazquezadvocats.com\/#website\"},\"primaryImageOfPage\":{\"@id\":\"https:\/\/rociovazquezadvocats.com\/index.php\/contacto\/#primaryimage\"},\"image\":{\"@id\":\"https:\/\/rociovazquezadvocats.com\/index.php\/contacto\/#primaryimage\"},\"thumbnailUrl\":\"https:\/\/rociovazquezadvocats.com\/wp-content\/uploads\/2024\/02\/Rocio-Vazquez-Logo-08.png\",\"datePublished\":\"2020-02-26T11:48:48+00:00\",\"dateModified\":\"2025-06-29T16:02:54+00:00\",\"description\":\"Ll\u00e1mame o escr\u00edbeme para contarme cu\u00e1l es tu caso.\u00a0Encontraremos la mejor soluci\u00f3n para tu situaci\u00f3n. Reuni\u00f3n presencial u online.\",\"breadcrumb\":{\"@id\":\"https:\/\/rociovazquezadvocats.com\/index.php\/contacto\/#breadcrumb\"},\"inLanguage\":\"en-US\",\"potentialAction\":[{\"@type\":\"ReadAction\",\"target\":[\"https:\/\/rociovazquezadvocats.com\/index.php\/contacto\/\"]}]},{\"@type\":\"ImageObject\",\"inLanguage\":\"en-US\",\"@id\":\"https:\/\/rociovazquezadvocats.com\/index.php\/contacto\/#primaryimage\",\"url\":\"https:\/\/rociovazquezadvocats.com\/wp-content\/uploads\/2024\/02\/Rocio-Vazquez-Logo-08.png\",\"contentUrl\":\"https:\/\/rociovazquezadvocats.com\/wp-content\/uploads\/2024\/02\/Rocio-Vazquez-Logo-08.png\",\"width\":2717,\"height\":2717},{\"@type\":\"BreadcrumbList\",\"@id\":\"https:\/\/rociovazquezadvocats.com\/index.php\/contacto\/#breadcrumb\",\"itemListElement\":[{\"@type\":\"ListItem\",\"position\":1,\"name\":\"Portada\",\"item\":\"https:\/\/rociovazquezadvocats.com\/\"},{\"@type\":\"ListItem\",\"position\":2,\"name\":\"Contacto\"}]},{\"@type\":\"WebSite\",\"@id\":\"https:\/\/rociovazquezadvocats.com\/#website\",\"url\":\"https:\/\/rociovazquezadvocats.com\/\",\"name\":\"Roc\u00edo V\u00e1zquez Advocats\",\"description\":\"Abogada laboralista\",\"publisher\":{\"@id\":\"https:\/\/rociovazquezadvocats.com\/#organization\"},\"potentialAction\":[{\"@type\":\"SearchAction\",\"target\":{\"@type\":\"EntryPoint\",\"urlTemplate\":\"https:\/\/rociovazquezadvocats.com\/?s={search_term_string}\"},\"query-input\":{\"@type\":\"PropertyValueSpecification\",\"valueRequired\":true,\"valueName\":\"search_term_string\"}}],\"inLanguage\":\"en-US\"},{\"@type\":\"Organization\",\"@id\":\"https:\/\/rociovazquezadvocats.com\/#organization\",\"name\":\"Roc\u00edo V\u00e1zquez Advocats\",\"url\":\"https:\/\/rociovazquezadvocats.com\/\",\"logo\":{\"@type\":\"ImageObject\",\"inLanguage\":\"en-US\",\"@id\":\"https:\/\/rociovazquezadvocats.com\/#\/schema\/logo\/image\/\",\"url\":\"\",\"contentUrl\":\"\",\"caption\":\"Roc\u00edo V\u00e1zquez Advocats\"},\"image\":{\"@id\":\"https:\/\/rociovazquezadvocats.com\/#\/schema\/logo\/image\/\"}}]}<\/script>\n<!-- \/ Yoast SEO plugin. -->","yoast_head_json":{"title":"Contacto - Roc\u00edo V\u00e1zquez Advocats","description":"Ll\u00e1mame o escr\u00edbeme para contarme cu\u00e1l es tu caso.\u00a0Encontraremos la mejor soluci\u00f3n para tu situaci\u00f3n. Reuni\u00f3n presencial u online.","robots":{"index":"index","follow":"follow","max-snippet":"max-snippet:-1","max-image-preview":"max-image-preview:large","max-video-preview":"max-video-preview:-1"},"canonical":"https:\/\/rociovazquezadvocats.com\/index.php\/contacto\/","og_locale":"en_US","og_type":"article","og_title":"Contacto - Roc\u00edo V\u00e1zquez Advocats","og_description":"Ll\u00e1mame o escr\u00edbeme para contarme cu\u00e1l es tu caso.\u00a0Encontraremos la mejor soluci\u00f3n para tu situaci\u00f3n. Reuni\u00f3n presencial u online.","og_url":"https:\/\/rociovazquezadvocats.com\/index.php\/contacto\/","og_site_name":"Roc\u00edo V\u00e1zquez Advocats","article_modified_time":"2025-06-29T16:02:54+00:00","og_image":[{"url":"https:\/\/rociovazquezadvocats.com\/wp-content\/uploads\/2024\/02\/Rocio-Vazquez-Logo-08.png"}],"twitter_card":"summary_large_image","twitter_misc":{"Est. reading time":"1 minute"},"schema":{"@context":"https:\/\/schema.org","@graph":[{"@type":"WebPage","@id":"https:\/\/rociovazquezadvocats.com\/index.php\/contacto\/","url":"https:\/\/rociovazquezadvocats.com\/index.php\/contacto\/","name":"Contacto - Roc\u00edo V\u00e1zquez Advocats","isPartOf":{"@id":"https:\/\/rociovazquezadvocats.com\/#website"},"primaryImageOfPage":{"@id":"https:\/\/rociovazquezadvocats.com\/index.php\/contacto\/#primaryimage"},"image":{"@id":"https:\/\/rociovazquezadvocats.com\/index.php\/contacto\/#primaryimage"},"thumbnailUrl":"https:\/\/rociovazquezadvocats.com\/wp-content\/uploads\/2024\/02\/Rocio-Vazquez-Logo-08.png","datePublished":"2020-02-26T11:48:48+00:00","dateModified":"2025-06-29T16:02:54+00:00","description":"Ll\u00e1mame o escr\u00edbeme para contarme cu\u00e1l es tu caso.\u00a0Encontraremos la mejor soluci\u00f3n para tu situaci\u00f3n. Reuni\u00f3n presencial u online.","breadcrumb":{"@id":"https:\/\/rociovazquezadvocats.com\/index.php\/contacto\/#breadcrumb"},"inLanguage":"en-US","potentialAction":[{"@type":"ReadAction","target":["https:\/\/rociovazquezadvocats.com\/index.php\/contacto\/"]}]},{"@type":"ImageObject","inLanguage":"en-US","@id":"https:\/\/rociovazquezadvocats.com\/index.php\/contacto\/#primaryimage","url":"https:\/\/rociovazquezadvocats.com\/wp-content\/uploads\/2024\/02\/Rocio-Vazquez-Logo-08.png","contentUrl":"https:\/\/rociovazquezadvocats.com\/wp-content\/uploads\/2024\/02\/Rocio-Vazquez-Logo-08.png","width":2717,"height":2717},{"@type":"BreadcrumbList","@id":"https:\/\/rociovazquezadvocats.com\/index.php\/contacto\/#breadcrumb","itemListElement":[{"@type":"ListItem","position":1,"name":"Portada","item":"https:\/\/rociovazquezadvocats.com\/"},{"@type":"ListItem","position":2,"name":"Contacto"}]},{"@type":"WebSite","@id":"https:\/\/rociovazquezadvocats.com\/#website","url":"https:\/\/rociovazquezadvocats.com\/","name":"Roc\u00edo V\u00e1zquez Advocats","description":"Abogada laboralista","publisher":{"@id":"https:\/\/rociovazquezadvocats.com\/#organization"},"potentialAction":[{"@type":"SearchAction","target":{"@type":"EntryPoint","urlTemplate":"https:\/\/rociovazquezadvocats.com\/?s={search_term_string}"},"query-input":{"@type":"PropertyValueSpecification","valueRequired":true,"valueName":"search_term_string"}}],"inLanguage":"en-US"},{"@type":"Organization","@id":"https:\/\/rociovazquezadvocats.com\/#organization","name":"Roc\u00edo V\u00e1zquez Advocats","url":"https:\/\/rociovazquezadvocats.com\/","logo":{"@type":"ImageObject","inLanguage":"en-US","@id":"https:\/\/rociovazquezadvocats.com\/#\/schema\/logo\/image\/","url":"","contentUrl":"","caption":"Roc\u00edo V\u00e1zquez Advocats"},"image":{"@id":"https:\/\/rociovazquezadvocats.com\/#\/schema\/logo\/image\/"}}]}},"_links":{"self":[{"href":"https:\/\/rociovazquezadvocats.com\/index.php\/wp-json\/wp\/v2\/pages\/174"}],"collection":[{"href":"https:\/\/rociovazquezadvocats.com\/index.php\/wp-json\/wp\/v2\/pages"}],"about":[{"href":"https:\/\/rociovazquezadvocats.com\/index.php\/wp-json\/wp\/v2\/types\/page"}],"author":[{"embeddable":true,"href":"https:\/\/rociovazquezadvocats.com\/index.php\/wp-json\/wp\/v2\/users\/1"}],"replies":[{"embeddable":true,"href":"https:\/\/rociovazquezadvocats.com\/index.php\/wp-json\/wp\/v2\/comments?post=174"}],"version-history":[{"count":11,"href":"https:\/\/rociovazquezadvocats.com\/index.php\/wp-json\/wp\/v2\/pages\/174\/revisions"}],"predecessor-version":[{"id":328,"href":"https:\/\/rociovazquezadvocats.com\/index.php\/wp-json\/wp\/v2\/pages\/174\/revisions\/328"}],"wp:attachment":[{"href":"https:\/\/rociovazquezadvocats.com\/index.php\/wp-json\/wp\/v2\/media?parent=174"}],"curies":[{"name":"wp","href":"https:\/\/api.w.org\/{rel}","templated":true}]}}