{"id":284,"date":"2024-02-18T15:26:24","date_gmt":"2024-02-18T14:26:24","guid":{"rendered":"https:\/\/rociovazquezadvocats.com\/?page_id=284"},"modified":"2025-06-29T18:48:46","modified_gmt":"2025-06-29T16:48:46","slug":"cita-previa","status":"publish","type":"page","link":"https:\/\/rociovazquezadvocats.com\/index.php\/cita-previa\/","title":{"rendered":"Cita previa"},"content":{"rendered":"\n<div id=\"wp-block-themeisle-blocks-advanced-columns-84ff120e\" class=\"wp-block-themeisle-blocks-advanced-columns has-1-columns has-desktop-equal-layout has-tablet-equal-layout has-mobile-equal-layout has-vertical-unset has-light-bg\"><div class=\"wp-block-themeisle-blocks-advanced-columns-overlay\"><\/div><div class=\"innerblocks-wrap\">\n<div id=\"wp-block-themeisle-blocks-advanced-column-a5b2fddd\" class=\"wp-block-themeisle-blocks-advanced-column\">\n<h4 id=\"wp-block-themeisle-blocks-advanced-heading-68c96c25\" class=\"wp-block-themeisle-blocks-advanced-heading wp-block-themeisle-blocks-advanced-heading-68c96c25\">Cita previa<\/h4>\n\n\n\n<h2 class=\"wp-block-heading has-text-align-center\">Asesoramiento Legal Laboral para Trabajadores y Empresas<\/h2>\n<\/div>\n<\/div><\/div>\n\n\n\n<div class=\"wp-block-columns is-layout-flex wp-container-core-columns-layout-1 wp-block-columns-is-layout-flex\">\n<div class=\"wp-block-column is-layout-flow wp-block-column-is-layout-flow\" style=\"flex-basis:25%\"><\/div>\n\n\n\n<div class=\"wp-block-column is-layout-flow wp-block-column-is-layout-flow\" style=\"flex-basis:50%\">\n<p><strong>\u00bfNecesitas asesoramiento legal en un conflicto laboral?<\/strong><br>Ya seas <strong>trabajador\/a<\/strong> <strong>o empresa<\/strong>, en <strong>Roc\u00edo V\u00e1zquez Advocats<\/strong> te ofrecemos el acompa\u00f1amiento legal claro, profesional y cercano que necesitas en toda la provincia de <strong>Girona<\/strong>.<\/p>\n\n\n\n<div class=\"wp-block-buttons is-content-justification-center is-layout-flex wp-container-core-buttons-layout-1 wp-block-buttons-is-layout-flex\">\n<div class=\"wp-block-button is-style-primary\"><a class=\"wp-block-button__link has-text-align-center wp-element-button\" href=\"https:\/\/wa.me\/34611574850?text=Hola%2C%20me%20gustar%C3%ADa%20agendar%20una%20cita%20con%20Roc%C3%ADo%20V%C3%A1zquez%20Advocats\" target=\"_blank\" rel=\"noreferrer noopener\">Agendar Cita Previa<\/a><\/div>\n<\/div>\n\n\n\n<p><\/p>\n\n\n\n<p class=\"has-text-align-left\">Contamos con amplia experiencia en <strong>derecho laboral<\/strong>, atendiendo tanto a empleados como a empresas y aut\u00f3nomos que necesitan actuar con seguridad jur\u00eddica.<\/p>\n\n\n\n<p class=\"has-text-align-center\"><strong>Solicita ya tu cita previa<\/strong> para resolver tu caso.<\/p>\n\n\n\n<p><strong>\ud83d\udccd Ubicaci\u00f3n y Atenci\u00f3n Local<\/strong><\/p>\n\n\n\n<p>Atendemos presencialmente en nuestra oficina en <strong>Girona<\/strong>, as\u00ed como por videollamada en toda la pen\u00ednsula.<\/p>\n\n\n\n<p class=\"has-text-align-center\"><strong>Direcci\u00f3n del despacho:<\/strong><br>c\/del Riu G\u00fcell 4 Local B, 17001 Girona<br><em>Atenci\u00f3n con cita previa<\/em><\/p>\n\n\n\n<p><strong>\ud83d\ude4b Preguntas Frecuentes<\/strong>:<\/p>\n\n\n\n<p><strong>\u00bfPuedo agendar la cita previa directamente por WhatsApp?<\/strong><br>S\u00ed, pulsa cualquiera de los botones que encontrar\u00e1s en la parte inferior derecha de la p\u00e1gina web para agendar en el acto.<\/p>\n\n\n\n<p><strong>\u00bfTrabaj\u00e1is solo con trabajadores o tambi\u00e9n con empresas?<\/strong><br>Asesoramos a ambos perfiles: trabajadores y empresas, con soluciones a medida.<\/p>\n\n\n\n<p><strong>\u00bfEs necesaria una primera reuni\u00f3n presencial?<\/strong><br>No siempre. Podemos atender por videollamada, tel\u00e9fono o en persona seg\u00fan el caso.<\/p>\n\n\n\n<p class=\"has-text-align-center\"><strong>\ud83d\udd1a Agenda tu cita hoy mismo y aclara todas tus dudas legales laborales<\/strong> <strong>\ud83d\udd1a<\/strong><br>Te atenderemos de forma cercana, profesional y sin tecnicismos.<\/p>\n<\/div>\n\n\n\n<div class=\"wp-block-column is-layout-flow wp-block-column-is-layout-flow\" style=\"flex-basis:25%\"><\/div>\n<\/div>\n\n\n\n<div id=\"wp-block-themeisle-blocks-advanced-columns-873bb142\" class=\"wp-block-themeisle-blocks-advanced-columns has-1-columns has-desktop-oneTwo-layout has-tablet-equal-layout has-mobile-collapsedRows-layout has-vertical-unset\"><div class=\"wp-block-themeisle-blocks-advanced-columns-overlay\"><\/div><div class=\"innerblocks-wrap\">\n<div id=\"wp-block-themeisle-blocks-advanced-column-8d9a8154\" class=\"wp-block-themeisle-blocks-advanced-column\">\n<div class=\"wp-block-buttons alignwide is-content-justification-center is-layout-flex wp-container-core-buttons-layout-2 wp-block-buttons-is-layout-flex\">\n<div class=\"wp-block-button is-style-primary\"><a class=\"wp-block-button__link has-text-align-center wp-element-button\" href=\"https:\/\/api.whatsapp.com\/send\/?phone=34611574850&amp;text=Hola%2C+me+gustar%C3%ADa+agendar+una+cita+con+Roc%C3%ADo+V%C3%A1zquez+Advocats&amp;type=phone_number&amp;app_absent=0\" target=\"_blank\" rel=\"noreferrer noopener\">Agendar Cita Previa<\/a><\/div>\n<\/div>\n<\/div>\n<\/div><\/div>\n","protected":false},"excerpt":{"rendered":"<p>\u00bfNecesitas asesoramiento legal en un conflicto laboral?Ya seas trabajador\/a o empresa, en Roc\u00edo V\u00e1zquez Advocats te ofrecemos el acompa\u00f1amiento legal claro, profesional y cercano que necesitas en toda la provincia de Girona. Contamos con amplia experiencia en derecho laboral, atendiendo tanto a empleados como a empresas y aut\u00f3nomos que necesitan actuar con seguridad jur\u00eddica. Solicita&hellip;&nbsp;<a href=\"https:\/\/rociovazquezadvocats.com\/index.php\/cita-previa\/\" rel=\"bookmark\">Read More &raquo;<span class=\"screen-reader-text\">Cita previa<\/span><\/a><\/p>\n","protected":false},"author":1,"featured_media":0,"parent":0,"menu_order":0,"comment_status":"closed","ping_status":"closed","template":"page-templates\/template-pagebuilder-full-width.php","meta":{"neve_meta_sidebar":"","neve_meta_container":"","neve_meta_enable_content_width":"","neve_meta_content_width":0,"neve_meta_title_alignment":"","neve_meta_author_avatar":"","neve_post_elements_order":"","neve_meta_disable_header":"","neve_meta_disable_footer":"","neve_meta_disable_title":"","_themeisle_gutenberg_block_has_review":false,"footnotes":""},"yoast_head":"<!-- This site is optimized with the Yoast SEO plugin v23.5 - https:\/\/yoast.com\/wordpress\/plugins\/seo\/ -->\n<title>Cita previa - Roc\u00edo V\u00e1zquez Advocats<\/title>\n<meta name=\"robots\" content=\"index, follow, max-snippet:-1, max-image-preview:large, max-video-preview:-1\" \/>\n<link rel=\"canonical\" href=\"https:\/\/rociovazquezadvocats.com\/index.php\/cita-previa\/\" \/>\n<meta property=\"og:locale\" content=\"en_US\" \/>\n<meta property=\"og:type\" content=\"article\" \/>\n<meta property=\"og:title\" content=\"Cita previa - Roc\u00edo V\u00e1zquez Advocats\" \/>\n<meta property=\"og:description\" content=\"\u00bfNecesitas asesoramiento legal en un conflicto laboral?Ya seas trabajador\/a o empresa, en Roc\u00edo V\u00e1zquez Advocats te ofrecemos el acompa\u00f1amiento legal claro, profesional y cercano que necesitas en toda la provincia de Girona. Contamos con amplia experiencia en derecho laboral, atendiendo tanto a empleados como a empresas y aut\u00f3nomos que necesitan actuar con seguridad jur\u00eddica. Solicita&hellip;&nbsp;Read More &raquo;Cita previa\" \/>\n<meta property=\"og:url\" content=\"https:\/\/rociovazquezadvocats.com\/index.php\/cita-previa\/\" \/>\n<meta property=\"og:site_name\" content=\"Roc\u00edo V\u00e1zquez Advocats\" \/>\n<meta property=\"article:modified_time\" content=\"2025-06-29T16:48:46+00:00\" \/>\n<meta name=\"twitter:card\" content=\"summary_large_image\" \/>\n<meta name=\"twitter:label1\" content=\"Est. reading time\" \/>\n\t<meta name=\"twitter:data1\" content=\"1 minute\" \/>\n<script type=\"application\/ld+json\" class=\"yoast-schema-graph\">{\"@context\":\"https:\/\/schema.org\",\"@graph\":[{\"@type\":\"WebPage\",\"@id\":\"https:\/\/rociovazquezadvocats.com\/index.php\/cita-previa\/\",\"url\":\"https:\/\/rociovazquezadvocats.com\/index.php\/cita-previa\/\",\"name\":\"Cita previa - Roc\u00edo V\u00e1zquez Advocats\",\"isPartOf\":{\"@id\":\"https:\/\/rociovazquezadvocats.com\/#website\"},\"datePublished\":\"2024-02-18T14:26:24+00:00\",\"dateModified\":\"2025-06-29T16:48:46+00:00\",\"breadcrumb\":{\"@id\":\"https:\/\/rociovazquezadvocats.com\/index.php\/cita-previa\/#breadcrumb\"},\"inLanguage\":\"en-US\",\"potentialAction\":[{\"@type\":\"ReadAction\",\"target\":[\"https:\/\/rociovazquezadvocats.com\/index.php\/cita-previa\/\"]}]},{\"@type\":\"BreadcrumbList\",\"@id\":\"https:\/\/rociovazquezadvocats.com\/index.php\/cita-previa\/#breadcrumb\",\"itemListElement\":[{\"@type\":\"ListItem\",\"position\":1,\"name\":\"Portada\",\"item\":\"https:\/\/rociovazquezadvocats.com\/\"},{\"@type\":\"ListItem\",\"position\":2,\"name\":\"Cita previa\"}]},{\"@type\":\"WebSite\",\"@id\":\"https:\/\/rociovazquezadvocats.com\/#website\",\"url\":\"https:\/\/rociovazquezadvocats.com\/\",\"name\":\"Roc\u00edo V\u00e1zquez Advocats\",\"description\":\"Abogada laboralista\",\"publisher\":{\"@id\":\"https:\/\/rociovazquezadvocats.com\/#organization\"},\"potentialAction\":[{\"@type\":\"SearchAction\",\"target\":{\"@type\":\"EntryPoint\",\"urlTemplate\":\"https:\/\/rociovazquezadvocats.com\/?s={search_term_string}\"},\"query-input\":{\"@type\":\"PropertyValueSpecification\",\"valueRequired\":true,\"valueName\":\"search_term_string\"}}],\"inLanguage\":\"en-US\"},{\"@type\":\"Organization\",\"@id\":\"https:\/\/rociovazquezadvocats.com\/#organization\",\"name\":\"Roc\u00edo V\u00e1zquez Advocats\",\"url\":\"https:\/\/rociovazquezadvocats.com\/\",\"logo\":{\"@type\":\"ImageObject\",\"inLanguage\":\"en-US\",\"@id\":\"https:\/\/rociovazquezadvocats.com\/#\/schema\/logo\/image\/\",\"url\":\"\",\"contentUrl\":\"\",\"caption\":\"Roc\u00edo V\u00e1zquez Advocats\"},\"image\":{\"@id\":\"https:\/\/rociovazquezadvocats.com\/#\/schema\/logo\/image\/\"}}]}<\/script>\n<!-- \/ Yoast SEO plugin. -->","yoast_head_json":{"title":"Cita previa - Roc\u00edo V\u00e1zquez Advocats","robots":{"index":"index","follow":"follow","max-snippet":"max-snippet:-1","max-image-preview":"max-image-preview:large","max-video-preview":"max-video-preview:-1"},"canonical":"https:\/\/rociovazquezadvocats.com\/index.php\/cita-previa\/","og_locale":"en_US","og_type":"article","og_title":"Cita previa - Roc\u00edo V\u00e1zquez Advocats","og_description":"\u00bfNecesitas asesoramiento legal en un conflicto laboral?Ya seas trabajador\/a o empresa, en Roc\u00edo V\u00e1zquez Advocats te ofrecemos el acompa\u00f1amiento legal claro, profesional y cercano que necesitas en toda la provincia de Girona. Contamos con amplia experiencia en derecho laboral, atendiendo tanto a empleados como a empresas y aut\u00f3nomos que necesitan actuar con seguridad jur\u00eddica. Solicita&hellip;&nbsp;Read More &raquo;Cita previa","og_url":"https:\/\/rociovazquezadvocats.com\/index.php\/cita-previa\/","og_site_name":"Roc\u00edo V\u00e1zquez Advocats","article_modified_time":"2025-06-29T16:48:46+00:00","twitter_card":"summary_large_image","twitter_misc":{"Est. reading time":"1 minute"},"schema":{"@context":"https:\/\/schema.org","@graph":[{"@type":"WebPage","@id":"https:\/\/rociovazquezadvocats.com\/index.php\/cita-previa\/","url":"https:\/\/rociovazquezadvocats.com\/index.php\/cita-previa\/","name":"Cita previa - Roc\u00edo V\u00e1zquez Advocats","isPartOf":{"@id":"https:\/\/rociovazquezadvocats.com\/#website"},"datePublished":"2024-02-18T14:26:24+00:00","dateModified":"2025-06-29T16:48:46+00:00","breadcrumb":{"@id":"https:\/\/rociovazquezadvocats.com\/index.php\/cita-previa\/#breadcrumb"},"inLanguage":"en-US","potentialAction":[{"@type":"ReadAction","target":["https:\/\/rociovazquezadvocats.com\/index.php\/cita-previa\/"]}]},{"@type":"BreadcrumbList","@id":"https:\/\/rociovazquezadvocats.com\/index.php\/cita-previa\/#breadcrumb","itemListElement":[{"@type":"ListItem","position":1,"name":"Portada","item":"https:\/\/rociovazquezadvocats.com\/"},{"@type":"ListItem","position":2,"name":"Cita previa"}]},{"@type":"WebSite","@id":"https:\/\/rociovazquezadvocats.com\/#website","url":"https:\/\/rociovazquezadvocats.com\/","name":"Roc\u00edo V\u00e1zquez Advocats","description":"Abogada laboralista","publisher":{"@id":"https:\/\/rociovazquezadvocats.com\/#organization"},"potentialAction":[{"@type":"SearchAction","target":{"@type":"EntryPoint","urlTemplate":"https:\/\/rociovazquezadvocats.com\/?s={search_term_string}"},"query-input":{"@type":"PropertyValueSpecification","valueRequired":true,"valueName":"search_term_string"}}],"inLanguage":"en-US"},{"@type":"Organization","@id":"https:\/\/rociovazquezadvocats.com\/#organization","name":"Roc\u00edo V\u00e1zquez Advocats","url":"https:\/\/rociovazquezadvocats.com\/","logo":{"@type":"ImageObject","inLanguage":"en-US","@id":"https:\/\/rociovazquezadvocats.com\/#\/schema\/logo\/image\/","url":"","contentUrl":"","caption":"Roc\u00edo V\u00e1zquez Advocats"},"image":{"@id":"https:\/\/rociovazquezadvocats.com\/#\/schema\/logo\/image\/"}}]}},"_links":{"self":[{"href":"https:\/\/rociovazquezadvocats.com\/index.php\/wp-json\/wp\/v2\/pages\/284"}],"collection":[{"href":"https:\/\/rociovazquezadvocats.com\/index.php\/wp-json\/wp\/v2\/pages"}],"about":[{"href":"https:\/\/rociovazquezadvocats.com\/index.php\/wp-json\/wp\/v2\/types\/page"}],"author":[{"embeddable":true,"href":"https:\/\/rociovazquezadvocats.com\/index.php\/wp-json\/wp\/v2\/users\/1"}],"replies":[{"embeddable":true,"href":"https:\/\/rociovazquezadvocats.com\/index.php\/wp-json\/wp\/v2\/comments?post=284"}],"version-history":[{"count":26,"href":"https:\/\/rociovazquezadvocats.com\/index.php\/wp-json\/wp\/v2\/pages\/284\/revisions"}],"predecessor-version":[{"id":355,"href":"https:\/\/rociovazquezadvocats.com\/index.php\/wp-json\/wp\/v2\/pages\/284\/revisions\/355"}],"wp:attachment":[{"href":"https:\/\/rociovazquezadvocats.com\/index.php\/wp-json\/wp\/v2\/media?parent=284"}],"curies":[{"name":"wp","href":"https:\/\/api.w.org\/{rel}","templated":true}]}}